{"id":2176,"date":"2020-04-06T15:17:56","date_gmt":"2020-04-06T15:17:56","guid":{"rendered":"https:\/\/www.theleafboutiquehotel.com\/contactos\/"},"modified":"2020-08-02T10:05:56","modified_gmt":"2020-08-02T10:05:56","slug":"contactos","status":"publish","type":"page","link":"https:\/\/www.theleafboutiquehotel.com\/fr\/contactos\/","title":{"rendered":"Contacts"},"content":{"rendered":"<section class=\"wpb-content-wrapper\">[mk_page_section bg_image=\u00a0\u00bbhttps:\/\/www.theleafboutiquehotel.com\/wp-content\/uploads\/2020\/02\/leaf3.jpg\u00a0\u00bb bg_position=\u00a0\u00bbcenter center\u00a0\u00bb bg_repeat=\u00a0\u00bbno-repeat\u00a0\u00bb bg_stretch=\u00a0\u00bbtrue\u00a0\u00bb video_color_mask=\u00a0\u00bb#000000&Prime; video_opacity=\u00a0\u00bb0.27&Prime; min_height=\u00a0\u00bb600&Prime; padding_top=\u00a0\u00bb60&Prime; padding_bottom=\u00a0\u00bb60&Prime; top_shape_color=\u00a0\u00bb\u00a0\u00bb has_bottom_shape_divider=\u00a0\u00bbtrue\u00a0\u00bb bottom_shape_style=\u00a0\u00bbcurve-bottom\u00a0\u00bb sidebar=\u00a0\u00bbsidebar-1&Prime;][vc_column][mk_padding_divider size=\u00a0\u00bb200&Prime;][mk_fancy_title strip_tags=\u00a0\u00bbtrue\u00a0\u00bb tag_name=\u00a0\u00bbh1&Prime; color=\u00a0\u00bb#ffffff\u00a0\u00bb size=\u00a0\u00bb80&Prime; force_font_size=\u00a0\u00bbtrue\u00a0\u00bb size_phone=\u00a0\u00bb32&Prime; font_weight=\u00a0\u00bb400&Prime; font_family=\u00a0\u00bbnone\u00a0\u00bb]Contacts[\/mk_fancy_title][\/vc_column][\/mk_page_section][mk_page_section bg_image=\u00a0\u00bbhttps:\/\/www.theleafboutiquehotel.com\/wp-content\/uploads\/2020\/02\/leafoutline4.png\u00a0\u00bb bg_repeat=\u00a0\u00bbno-repeat\u00a0\u00bb padding_top=\u00a0\u00bb120&Prime; padding_bottom=\u00a0\u00bb0&Prime; animation=\u00a0\u00bbfade-in\u00a0\u00bb el_class=\u00a0\u00bbcontact-bg-row\u00a0\u00bb sidebar=\u00a0\u00bbsidebar-1&Prime;][vc_column width=\u00a0\u00bb5\/12&Prime; css=\u00a0\u00bb.vc_custom_1594138640697{background-position: 0 0 !important;background-repeat: no-repeat !important;}\u00a0\u00bb offset=\u00a0\u00bbvc_col-lg-5 vc_col-md-6 vc_col-xs-12&Prime;][mk_fancy_title strip_tags=\u00a0\u00bbtrue\u00a0\u00bb color=\u00a0\u00bb#38441c\u00a0\u00bb size=\u00a0\u00bb32&Prime; force_font_size=\u00a0\u00bbtrue\u00a0\u00bb size_phone=\u00a0\u00bb20&Prime; line_height=\u00a0\u00bb112&Prime; font_weight=\u00a0\u00bb400&Prime; txt_transform=\u00a0\u00bblowercase\u00a0\u00bb letter_spacing=\u00a0\u00bb3.2&Prime; font_family=\u00a0\u00bbnone\u00a0\u00bb]CONTACTEZ NOUS[\/mk_fancy_title][vc_column_text disable_pattern=\u00a0\u00bbfalse\u00a0\u00bb css=\u00a0\u00bb.vc_custom_1596362604100{margin-bottom: 0px !important;}\u00a0\u00bb]Dans cette \u00e9l\u00e9gante boutique h\u00f4tel la l\u00e9g\u00e8ret\u00e9 des feuilles trouv\u00e9es par la ville \u00e9taient l\u2019inspiration pour cr\u00e9er un espace qui c\u00e9l\u00e8bre la Nature dans la zone urbaine.<\/p>\n<p>Tous les d\u00e9tails sont \u00e9t\u00e9 dessin\u00e9s sur la base de l\u2019importance de la connexion des \u00e9l\u00e9ments de la Nature, de la soutenabilit\u00e9 et la promotion d\u2019un style de vie plus saine.<\/p>\n<p>Nous voulons vous faire sentir la s\u00e9r\u00e9nit\u00e9 dans cet\u2019 ambiance id\u00e9alis\u00e9e o\u00f9 la Nature se rencontre avec la ville en parfaite harmonie.<\/p>\n<p>Pour toute clarification sur notre h\u00f4tel, n&rsquo;h\u00e9sitez pas \u00e0 nous contacter.[\/vc_column_text][mk_padding_divider size=\u00a0\u00bb25&Prime; visibility=\u00a0\u00bbvisible-sm\u00a0\u00bb][mk_fancy_title tag_name=\u00a0\u00bbh6&Prime; color=\u00a0\u00bb#38441c\u00a0\u00bb size=\u00a0\u00bb16&Prime; font_weight=\u00a0\u00bbbold\u00a0\u00bb txt_transform=\u00a0\u00bbuppercase\u00a0\u00bb letter_spacing=\u00a0\u00bb1.6&Prime; margin_bottom=\u00a0\u00bb0&Prime; font_family=\u00a0\u00bbnone\u00a0\u00bb]Info[\/mk_fancy_title][vc_column_text el_class=\u00a0\u00bbcontact-info\u00a0\u00bb css=\u00a0\u00bb.vc_custom_1594641183245{margin-bottom: 0px !important;}\u00a0\u00bb]<a class=\"icon-img\" href=\"tel:+351910014651\"><img decoding=\"async\" loading=\"lazy\" class=\"contact-icon alignnone wp-image-838 size-full\" role=\"img\" src=\"https:\/\/www.theleafboutiquehotel.com\/wp-content\/uploads\/2020\/03\/phone_icon-1.svg\" alt=\"\" width=\"18\" height=\"18\" \/><\/a><a href=\"tel:+351910014651\" target=\"_blank\" rel=\"noopener noreferrer\">+351 210 731 220<\/a><\/p>\n<p><a class=\"icon-img\" href=\"mailto:welcome@theleafboutiquehotel.com\"><img decoding=\"async\" loading=\"lazy\" class=\"contact-icon alignnone wp-image-836 size-full\" role=\"img\" src=\"https:\/\/www.theleafboutiquehotel.com\/wp-content\/uploads\/2020\/03\/email_icon-1.svg\" alt=\"\" width=\"20.413\" height=\"20\" \/><\/a><a href=\"mailto:welcome@theleafboutiquehotel.com\">welcome@theleafboutiquehotel.com<\/a><\/p>\n<p><a class=\"icon-img\"><img decoding=\"async\" loading=\"lazy\" class=\"contact-icon\" role=\"img\" src=\"https:\/\/www.theleafboutiquehotel.com\/wp-content\/uploads\/2020\/03\/marker-icon-1.svg\" alt=\"\" width=\"14.336\" height=\"18\" \/><\/a><a>Rua do Conde de Redondo, 7 1150 &#8211; 101 Lisboa &#8211; Portugal<\/a>[\/vc_column_text][mk_padding_divider size=\u00a0\u00bb55&Prime; visibility=\u00a0\u00bbvisible-sm\u00a0\u00bb][\/vc_column][vc_column width=\u00a0\u00bb1\/6&Prime;][\/vc_column][vc_column width=\u00a0\u00bb1\/2&Prime; offset=\u00a0\u00bbvc_col-lg-5 vc_col-md-6 vc_col-xs-12&Prime;]<div class=\"wpcf7 no-js\" id=\"wpcf7-f2626-o1\" lang=\"pt-PT\" dir=\"ltr\">\n<div class=\"screen-reader-response\"><p role=\"status\" aria-live=\"polite\" aria-atomic=\"true\"><\/p> <ul><\/ul><\/div>\n<form action=\"\/fr\/wp-json\/wp\/v2\/pages\/2176#wpcf7-f2626-o1\" method=\"post\" class=\"wpcf7-form init\" aria-label=\"Contact form\" novalidate=\"novalidate\" data-status=\"init\">\n<div style=\"display: none;\">\n<input type=\"hidden\" name=\"_wpcf7\" value=\"2626\" \/>\n<input type=\"hidden\" name=\"_wpcf7_version\" value=\"5.7.1\" \/>\n<input type=\"hidden\" name=\"_wpcf7_locale\" value=\"pt_PT\" \/>\n<input type=\"hidden\" name=\"_wpcf7_unit_tag\" value=\"wpcf7-f2626-o1\" \/>\n<input type=\"hidden\" name=\"_wpcf7_container_post\" value=\"0\" \/>\n<input type=\"hidden\" name=\"_wpcf7_posted_data_hash\" value=\"\" \/>\n<input type=\"hidden\" name=\"_wpcf7_recaptcha_response\" value=\"\" \/>\n<\/div>\n<section class=\"form-container contact-form\">\n\t<div class=\"field-container\">\n\t\t<p><span class=\"wpcf7-form-control-wrap\" data-name=\"your-name\"><input size=\"40\" class=\"wpcf7-form-control wpcf7-text wpcf7-validates-as-required\" id=\"contact-name\" aria-required=\"true\" aria-invalid=\"false\" placeholder=\"Nom\" value=\"\" type=\"text\" name=\"your-name\" \/><\/span><br \/>\n<label class=\"label-hidden\" for=\"contact-name\"><br \/>\nNome<br \/>\n<\/label>\n\t\t<\/p>\n\t<\/div>\n\t<div class=\"field-container\">\n\t\t<p><span class=\"wpcf7-form-control-wrap\" data-name=\"your-email\"><input size=\"40\" class=\"wpcf7-form-control wpcf7-text wpcf7-email wpcf7-validates-as-required wpcf7-validates-as-email\" id=\"contact-email\" aria-required=\"true\" aria-invalid=\"false\" placeholder=\"Email\" value=\"\" type=\"email\" name=\"your-email\" \/><\/span><br \/>\n<label class=\"label-hidden\" for=\"contact-email\"><br \/>\nEmail<br \/>\n<\/label>\n\t\t<\/p>\n\t<\/div>\n\t<div class=\"field-container\">\n\t\t<p><span class=\"wpcf7-form-control-wrap\" data-name=\"your-subject\"><input size=\"40\" class=\"wpcf7-form-control wpcf7-text wpcf7-validates-as-required\" id=\"contact-subject\" aria-required=\"true\" aria-invalid=\"false\" placeholder=\"Sujet\" value=\"\" type=\"text\" name=\"your-subject\" \/><\/span><br \/>\n<label class=\"label-hidden\" for=\"contact-subject\"><br \/>\nAssunto<br \/>\n<\/label>\n\t\t<\/p>\n\t<\/div>\n\t<div class=\"field-container textarea-message\">\n\t\t<p><span class=\"wpcf7-form-control-wrap\" data-name=\"your-message\"><textarea cols=\"40\" rows=\"10\" class=\"wpcf7-form-control wpcf7-textarea\" id=\"contact-message\" aria-invalid=\"false\" placeholder=\"Message\" name=\"your-message\"><\/textarea><\/span><br \/>\n<label class=\"label-hidden\" for=\"contact-message\"><br \/>\nMensagem<br \/>\n<\/label>\n\t\t<\/p>\n\t<\/div>\n\t<div class=\"field-container accept\">\n\t\t<p><span class=\"wpcf7-form-control-wrap\" data-name=\"acceptance\"><span class=\"wpcf7-form-control wpcf7-acceptance\"><span class=\"wpcf7-list-item\"><label><input type=\"checkbox\" name=\"acceptance\" value=\"1\" aria-invalid=\"false\" \/><span class=\"wpcf7-list-item-label\">J'accepte le <a target=\"blank\" href=\"\/termos-e-condicoes\/\">Termes et conditions<\/a>.<\/span><\/label><\/span><\/span><\/span>\n\t\t<\/p>\n\t<\/div>\n\t<p><input class=\"wpcf7-form-control has-spinner wpcf7-submit\" type=\"submit\" value=\"Envoyer\" \/>\n\t<\/p>\n<\/section><div class=\"wpcf7-response-output\" aria-hidden=\"true\"><\/div><\/form><\/div>[\/vc_column][\/mk_page_section][mk_page_section bg_position=\u00a0\u00bbcenter top\u00a0\u00bb bg_repeat=\u00a0\u00bbno-repeat\u00a0\u00bb padding_top=\u00a0\u00bb120&Prime; padding_bottom=\u00a0\u00bb120&Prime; animation=\u00a0\u00bbfade-in\u00a0\u00bb sidebar=\u00a0\u00bbsidebar-1&Prime;][vc_column][vc_row_inner css=\u00a0\u00bb.vc_custom_1581951587237{padding-bottom: 60px !important;}\u00a0\u00bb][vc_column_inner width=\u00a0\u00bb1\/4&Prime;][\/vc_column_inner][vc_column_inner width=\u00a0\u00bb1\/2&Prime;][mk_image src=\u00a0\u00bbhttps:\/\/www.theleafboutiquehotel.com\/wp-content\/uploads\/2020\/02\/leafoutline3-1.png\u00a0\u00bb image_size=\u00a0\u00bbfull\u00a0\u00bb align=\u00a0\u00bbcenter\u00a0\u00bb][mk_fancy_title tag_name=\u00a0\u00bbspan\u00a0\u00bb color=\u00a0\u00bb#a67656&Prime; size=\u00a0\u00bb16&Prime; font_weight=\u00a0\u00bbbold\u00a0\u00bb txt_transform=\u00a0\u00bbuppercase\u00a0\u00bb letter_spacing=\u00a0\u00bb1.6&Prime; margin_bottom=\u00a0\u00bb0&Prime; font_family=\u00a0\u00bbnone\u00a0\u00bb align=\u00a0\u00bbcenter\u00a0\u00bb]Comme Arriver \u00e0 notre H\u00f4tel[\/mk_fancy_title][mk_fancy_title strip_tags=\u00a0\u00bbtrue\u00a0\u00bb color=\u00a0\u00bb#a67656&Prime; size=\u00a0\u00bb32&Prime; force_font_size=\u00a0\u00bbtrue\u00a0\u00bb size_phone=\u00a0\u00bb20&Prime; font_weight=\u00a0\u00bb400&Prime; txt_transform=\u00a0\u00bblowercase\u00a0\u00bb letter_spacing=\u00a0\u00bb2&Prime; font_family=\u00a0\u00bbnone\u00a0\u00bb align=\u00a0\u00bbcenter\u00a0\u00bb]Nous somme dans le centre de la Ville[\/mk_fancy_title][vc_column_text disable_pattern=\u00a0\u00bbfalse\u00a0\u00bb css=\u00a0\u00bb.vc_custom_1596362796501{margin-bottom: 0px !important;}\u00a0\u00bb]\n<p style=\"text-align: center;\">Se laisse vous \u00e0 inspirer<\/p>\n[\/vc_column_text][\/vc_column_inner][vc_column_inner width=\u00a0\u00bb1\/4&Prime;][\/vc_column_inner][\/vc_row_inner][vc_row_inner el_class=\u00a0\u00bbbox-icon-row\u00a0\u00bb][vc_column_inner width=\u00a0\u00bb1\/4&Prime;][mk_icon_box2 icon_type=\u00a0\u00bbimage\u00a0\u00bb icon_size=\u00a0\u00bb64&Prime; icon_image=\u00a0\u00bbhttps:\/\/www.theleafboutiquehotel.com\/wp-content\/uploads\/2020\/02\/aeroporto.png\u00a0\u00bb title=\u00a0\u00bba\u00e9roport\u00a0\u00bb title_size=\u00a0\u00bb18&Prime; title_weight=\u00a0\u00bbbold\u00a0\u00bb title_color=\u00a0\u00bb#a67656&Prime; title_bottom_padding=\u00a0\u00bb20&Prime; description_color=\u00a0\u00bb#313131&Prime; align=\u00a0\u00bbleft\u00a0\u00bb]<b>7km<\/b> &#8211; General Humberto Delgado[\/mk_icon_box2][\/vc_column_inner][vc_column_inner width=\u00a0\u00bb1\/4&Prime;][mk_icon_box2 icon_type=\u00a0\u00bbimage\u00a0\u00bb icon_size=\u00a0\u00bb48&Prime; icon_image=\u00a0\u00bbhttps:\/\/www.theleafboutiquehotel.com\/wp-content\/uploads\/2020\/02\/metro.png\u00a0\u00bb title=\u00a0\u00bbm\u00e9tro\u00a0\u00bb title_size=\u00a0\u00bb18&Prime; title_weight=\u00a0\u00bbbold\u00a0\u00bb title_color=\u00a0\u00bb#a67656&Prime; title_bottom_padding=\u00a0\u00bb20&Prime; description_color=\u00a0\u00bb#313131&Prime; align=\u00a0\u00bbleft\u00a0\u00bb]<b>500 m<\/b> &#8211; linha amarela \/ azul[\/mk_icon_box2][\/vc_column_inner][vc_column_inner width=\u00a0\u00bb1\/4&Prime;][mk_icon_box2 icon_type=\u00a0\u00bbimage\u00a0\u00bb icon_size=\u00a0\u00bb48&Prime; icon_image=\u00a0\u00bbhttps:\/\/www.theleafboutiquehotel.com\/wp-content\/uploads\/2020\/02\/comboio.png\u00a0\u00bb title=\u00a0\u00bbTrain\u00a0\u00bb title_size=\u00a0\u00bb18&Prime; title_weight=\u00a0\u00bbbold\u00a0\u00bb title_color=\u00a0\u00bb#a67656&Prime; title_bottom_padding=\u00a0\u00bb20&Prime; description_color=\u00a0\u00bb#313131&Prime; align=\u00a0\u00bbleft\u00a0\u00bb]<b>3,7km<\/b> &#8211; Sete Rios<\/p>\n<p><b>4,2km<\/b> &#8211; Santa Apol\u00f3nia[\/mk_icon_box2][\/vc_column_inner][vc_column_inner width=\u00a0\u00bb1\/4&Prime;][mk_icon_box2 icon_type=\u00a0\u00bbimage\u00a0\u00bb icon_size=\u00a0\u00bb48&Prime; icon_image=\u00a0\u00bbhttps:\/\/www.theleafboutiquehotel.com\/wp-content\/uploads\/2020\/02\/barco.png\u00a0\u00bb title=\u00a0\u00bbbateau\u00a0\u00bb title_size=\u00a0\u00bb18&Prime; title_weight=\u00a0\u00bbbold\u00a0\u00bb title_color=\u00a0\u00bb#a67656&Prime; title_bottom_padding=\u00a0\u00bb20&Prime; description_color=\u00a0\u00bb#313131&Prime; align=\u00a0\u00bbleft\u00a0\u00bb]<b>3,3 km<\/b> &#8211; Cais do Sodr\u00e9[\/mk_icon_box2][\/vc_column_inner][\/vc_row_inner][\/vc_column][\/mk_page_section][mk_page_section bg_position=\u00a0\u00bbright top\u00a0\u00bb bg_repeat=\u00a0\u00bbno-repeat\u00a0\u00bb full_width=\u00a0\u00bbtrue\u00a0\u00bb padding_top=\u00a0\u00bb0&Prime; padding_bottom=\u00a0\u00bb0&Prime; sidebar=\u00a0\u00bbsidebar-1&Prime;][vc_column][vc_gmaps link=\u00a0\u00bb#E-8_JTNDaWZyYW1lJTIwc3JjJTNEJTIyaHR0cHMlM0ElMkYlMkZ3d3cuZ29vZ2xlLmNvbSUyRm1hcHMlMkZkJTJGZW1iZWQlM0ZtaWQlM0QxV2JmSGxncEYwZ3cxejFiNVR1ZFBISURwQXFvczVLWDMlMjZobCUzRHB0LVBUJTIyJTIwd2lkdGglM0QlMjIxOTIwJTIyJTIwaGVpZ2h0JTNEJTIyNTI0JTIyJTNFJTNDJTJGaWZyYW1lJTNF\u00a0\u00bb size=\u00a0\u00bb524&Prime;][\/vc_column][\/mk_page_section]\n<\/section>","protected":false},"excerpt":{"rendered":"<p>[mk_page_section bg_image=\u00a0\u00bbhttps:\/\/www.theleafboutiquehotel.com\/wp-content\/uploads\/2020\/02\/leaf3.jpg\u00a0\u00bb bg_position=\u00a0\u00bbcenter center\u00a0\u00bb bg_repeat=\u00a0\u00bbno-repeat\u00a0\u00bb bg_stretch=\u00a0\u00bbtrue\u00a0\u00bb video_color_mask=\u00a0\u00bb#000000&Prime; video_opacity=\u00a0\u00bb0.27&Prime; min_height=\u00a0\u00bb600&Prime; padding_top=\u00a0\u00bb60&Prime; padding_bottom=\u00a0\u00bb60&Prime; top_shape_color=\u00a0\u00bb\u00a0\u00bb has_bottom_shape_divider=\u00a0\u00bbtrue\u00a0\u00bb bottom_shape_style=\u00a0\u00bbcurve-bottom\u00a0\u00bb sidebar=\u00a0\u00bbsidebar-1&Prime;][vc_column][mk_padding_divider size=\u00a0\u00bb200&Prime;][mk_fancy_title strip_tags=\u00a0\u00bbtrue\u00a0\u00bb tag_name=\u00a0\u00bbh1&Prime; color=\u00a0\u00bb#ffffff\u00a0\u00bb size=\u00a0\u00bb80&Prime; force_font_size=\u00a0\u00bbtrue\u00a0\u00bb size_phone=\u00a0\u00bb32&Prime; font_weight=\u00a0\u00bb400&Prime; font_family=\u00a0\u00bbnone\u00a0\u00bb]Contacts[\/mk_fancy_title][\/vc_column][\/mk_page_section][mk_page_section bg_image=\u00a0\u00bbhttps:\/\/www.theleafboutiquehotel.com\/wp-content\/uploads\/2020\/02\/leafoutline4.png\u00a0\u00bb bg_repeat=\u00a0\u00bbno-repeat\u00a0\u00bb padding_top=\u00a0\u00bb120&Prime; padding_bottom=\u00a0\u00bb0&Prime; animation=\u00a0\u00bbfade-in\u00a0\u00bb el_class=\u00a0\u00bbcontact-bg-row\u00a0\u00bb sidebar=\u00a0\u00bbsidebar-1&Prime;][vc_column width=\u00a0\u00bb5\/12&Prime; css=\u00a0\u00bb.vc_custom_1594138640697{background-position: 0 0 !important;background-repeat: no-repeat !important;}\u00a0\u00bb offset=\u00a0\u00bbvc_col-lg-5 vc_col-md-6 vc_col-xs-12&Prime;][mk_fancy_title strip_tags=\u00a0\u00bbtrue\u00a0\u00bb color=\u00a0\u00bb#38441c\u00a0\u00bb size=\u00a0\u00bb32&Prime; force_font_size=\u00a0\u00bbtrue\u00a0\u00bb size_phone=\u00a0\u00bb20&Prime; line_height=\u00a0\u00bb112&Prime; font_weight=\u00a0\u00bb400&Prime; txt_transform=\u00a0\u00bblowercase\u00a0\u00bb letter_spacing=\u00a0\u00bb3.2&Prime; font_family=\u00a0\u00bbnone\u00a0\u00bb]CONTACTEZ NOUS[\/mk_fancy_title][vc_column_text disable_pattern=\u00a0\u00bbfalse\u00a0\u00bb css=\u00a0\u00bb.vc_custom_1596362604100{margin-bottom: 0px [&hellip;]<\/p>\n","protected":false},"author":1,"featured_media":0,"parent":0,"menu_order":0,"comment_status":"closed","ping_status":"closed","template":"","meta":[],"acf":[],"yoast_head":"<!-- This site is optimized with the Yoast SEO plugin v19.13 - https:\/\/yoast.com\/wordpress\/plugins\/seo\/ -->\n<title>Contacts - The Leaf Boutique Hotel<\/title>\n<meta name=\"robots\" content=\"index, follow, max-snippet:-1, max-image-preview:large, max-video-preview:-1\" \/>\n<link rel=\"canonical\" href=\"https:\/\/www.theleafboutiquehotel.com\/fr\/contactos\/\" \/>\n<meta property=\"og:locale\" content=\"fr_FR\" \/>\n<meta property=\"og:type\" content=\"article\" \/>\n<meta property=\"og:title\" content=\"Contacts - The Leaf Boutique Hotel\" \/>\n<meta property=\"og:description\" content=\"[mk_page_section bg_image=\u00a0\u00bbhttps:\/\/www.theleafboutiquehotel.com\/wp-content\/uploads\/2020\/02\/leaf3.jpg\u00a0\u00bb bg_position=\u00a0\u00bbcenter center\u00a0\u00bb bg_repeat=\u00a0\u00bbno-repeat\u00a0\u00bb bg_stretch=\u00a0\u00bbtrue\u00a0\u00bb video_color_mask=\u00a0\u00bb#000000&Prime; video_opacity=\u00a0\u00bb0.27&Prime; min_height=\u00a0\u00bb600&Prime; padding_top=\u00a0\u00bb60&Prime; padding_bottom=\u00a0\u00bb60&Prime; top_shape_color=\u00a0\u00bb\u00a0\u00bb has_bottom_shape_divider=\u00a0\u00bbtrue\u00a0\u00bb bottom_shape_style=\u00a0\u00bbcurve-bottom\u00a0\u00bb sidebar=\u00a0\u00bbsidebar-1&Prime;][vc_column][mk_padding_divider size=\u00a0\u00bb200&Prime;][mk_fancy_title strip_tags=\u00a0\u00bbtrue\u00a0\u00bb tag_name=\u00a0\u00bbh1&Prime; color=\u00a0\u00bb#ffffff\u00a0\u00bb size=\u00a0\u00bb80&Prime; force_font_size=\u00a0\u00bbtrue\u00a0\u00bb size_phone=\u00a0\u00bb32&Prime; font_weight=\u00a0\u00bb400&Prime; font_family=\u00a0\u00bbnone\u00a0\u00bb]Contacts[\/mk_fancy_title][\/vc_column][\/mk_page_section][mk_page_section bg_image=\u00a0\u00bbhttps:\/\/www.theleafboutiquehotel.com\/wp-content\/uploads\/2020\/02\/leafoutline4.png\u00a0\u00bb bg_repeat=\u00a0\u00bbno-repeat\u00a0\u00bb padding_top=\u00a0\u00bb120&Prime; padding_bottom=\u00a0\u00bb0&Prime; animation=\u00a0\u00bbfade-in\u00a0\u00bb el_class=\u00a0\u00bbcontact-bg-row\u00a0\u00bb sidebar=\u00a0\u00bbsidebar-1&Prime;][vc_column width=\u00a0\u00bb5\/12&Prime; css=\u00a0\u00bb.vc_custom_1594138640697{background-position: 0 0 !important;background-repeat: no-repeat !important;}\u00a0\u00bb offset=\u00a0\u00bbvc_col-lg-5 vc_col-md-6 vc_col-xs-12&Prime;][mk_fancy_title strip_tags=\u00a0\u00bbtrue\u00a0\u00bb color=\u00a0\u00bb#38441c\u00a0\u00bb size=\u00a0\u00bb32&Prime; force_font_size=\u00a0\u00bbtrue\u00a0\u00bb size_phone=\u00a0\u00bb20&Prime; line_height=\u00a0\u00bb112&Prime; font_weight=\u00a0\u00bb400&Prime; txt_transform=\u00a0\u00bblowercase\u00a0\u00bb letter_spacing=\u00a0\u00bb3.2&Prime; font_family=\u00a0\u00bbnone\u00a0\u00bb]CONTACTEZ NOUS[\/mk_fancy_title][vc_column_text disable_pattern=\u00a0\u00bbfalse\u00a0\u00bb css=\u00a0\u00bb.vc_custom_1596362604100{margin-bottom: 0px [&hellip;]\" \/>\n<meta property=\"og:url\" content=\"https:\/\/www.theleafboutiquehotel.com\/fr\/contactos\/\" \/>\n<meta property=\"og:site_name\" content=\"The Leaf Boutique Hotel\" \/>\n<meta property=\"article:modified_time\" content=\"2020-08-02T10:05:56+00:00\" \/>\n<meta property=\"og:image\" content=\"https:\/\/www.theleafboutiquehotel.com\/wp-content\/uploads\/2020\/03\/phone_icon-1.svg\" \/>\n<meta name=\"twitter:card\" content=\"summary_large_image\" \/>\n<meta name=\"twitter:label1\" content=\"Dur\u00e9e de lecture estim\u00e9e\" \/>\n\t<meta name=\"twitter:data1\" content=\"4 minutes\" \/>\n<script type=\"application\/ld+json\" class=\"yoast-schema-graph\">{\"@context\":\"https:\/\/schema.org\",\"@graph\":[{\"@type\":\"WebPage\",\"@id\":\"https:\/\/www.theleafboutiquehotel.com\/fr\/contactos\/\",\"url\":\"https:\/\/www.theleafboutiquehotel.com\/fr\/contactos\/\",\"name\":\"Contacts - The Leaf Boutique Hotel\",\"isPartOf\":{\"@id\":\"https:\/\/www.theleafboutiquehotel.com\/fr\/#website\"},\"datePublished\":\"2020-04-06T15:17:56+00:00\",\"dateModified\":\"2020-08-02T10:05:56+00:00\",\"inLanguage\":\"fr-FR\",\"potentialAction\":[{\"@type\":\"ReadAction\",\"target\":[\"https:\/\/www.theleafboutiquehotel.com\/fr\/contactos\/\"]}]},{\"@type\":\"WebSite\",\"@id\":\"https:\/\/www.theleafboutiquehotel.com\/fr\/#website\",\"url\":\"https:\/\/www.theleafboutiquehotel.com\/fr\/\",\"name\":\"The Leaf Boutique Hotel\",\"description\":\"\",\"publisher\":{\"@id\":\"https:\/\/www.theleafboutiquehotel.com\/fr\/#organization\"},\"potentialAction\":[{\"@type\":\"SearchAction\",\"target\":{\"@type\":\"EntryPoint\",\"urlTemplate\":\"https:\/\/www.theleafboutiquehotel.com\/fr\/?s={search_term_string}\"},\"query-input\":\"required name=search_term_string\"}],\"inLanguage\":\"fr-FR\"},{\"@type\":\"Organization\",\"@id\":\"https:\/\/www.theleafboutiquehotel.com\/fr\/#organization\",\"name\":\"The Leaf Boutique Hotel\",\"url\":\"https:\/\/www.theleafboutiquehotel.com\/fr\/\",\"logo\":{\"@type\":\"ImageObject\",\"inLanguage\":\"fr-FR\",\"@id\":\"https:\/\/www.theleafboutiquehotel.com\/fr\/#\/schema\/logo\/image\/\",\"url\":\"https:\/\/www.theleafboutiquehotel.com\/wp-content\/uploads\/2020\/04\/leaf-the-plastic2.png\",\"contentUrl\":\"https:\/\/www.theleafboutiquehotel.com\/wp-content\/uploads\/2020\/04\/leaf-the-plastic2.png\",\"width\":347,\"height\":537,\"caption\":\"The Leaf Boutique Hotel\"},\"image\":{\"@id\":\"https:\/\/www.theleafboutiquehotel.com\/fr\/#\/schema\/logo\/image\/\"}}]}<\/script>\n<!-- \/ Yoast SEO plugin. -->","yoast_head_json":{"title":"Contacts - The Leaf Boutique Hotel","robots":{"index":"index","follow":"follow","max-snippet":"max-snippet:-1","max-image-preview":"max-image-preview:large","max-video-preview":"max-video-preview:-1"},"canonical":"https:\/\/www.theleafboutiquehotel.com\/fr\/contactos\/","og_locale":"fr_FR","og_type":"article","og_title":"Contacts - The Leaf Boutique Hotel","og_description":"[mk_page_section bg_image=\u00a0\u00bbhttps:\/\/www.theleafboutiquehotel.com\/wp-content\/uploads\/2020\/02\/leaf3.jpg\u00a0\u00bb bg_position=\u00a0\u00bbcenter center\u00a0\u00bb bg_repeat=\u00a0\u00bbno-repeat\u00a0\u00bb bg_stretch=\u00a0\u00bbtrue\u00a0\u00bb video_color_mask=\u00a0\u00bb#000000&Prime; video_opacity=\u00a0\u00bb0.27&Prime; min_height=\u00a0\u00bb600&Prime; padding_top=\u00a0\u00bb60&Prime; padding_bottom=\u00a0\u00bb60&Prime; top_shape_color=\u00a0\u00bb\u00a0\u00bb has_bottom_shape_divider=\u00a0\u00bbtrue\u00a0\u00bb bottom_shape_style=\u00a0\u00bbcurve-bottom\u00a0\u00bb sidebar=\u00a0\u00bbsidebar-1&Prime;][vc_column][mk_padding_divider size=\u00a0\u00bb200&Prime;][mk_fancy_title strip_tags=\u00a0\u00bbtrue\u00a0\u00bb tag_name=\u00a0\u00bbh1&Prime; color=\u00a0\u00bb#ffffff\u00a0\u00bb size=\u00a0\u00bb80&Prime; force_font_size=\u00a0\u00bbtrue\u00a0\u00bb size_phone=\u00a0\u00bb32&Prime; font_weight=\u00a0\u00bb400&Prime; font_family=\u00a0\u00bbnone\u00a0\u00bb]Contacts[\/mk_fancy_title][\/vc_column][\/mk_page_section][mk_page_section bg_image=\u00a0\u00bbhttps:\/\/www.theleafboutiquehotel.com\/wp-content\/uploads\/2020\/02\/leafoutline4.png\u00a0\u00bb bg_repeat=\u00a0\u00bbno-repeat\u00a0\u00bb padding_top=\u00a0\u00bb120&Prime; padding_bottom=\u00a0\u00bb0&Prime; animation=\u00a0\u00bbfade-in\u00a0\u00bb el_class=\u00a0\u00bbcontact-bg-row\u00a0\u00bb sidebar=\u00a0\u00bbsidebar-1&Prime;][vc_column width=\u00a0\u00bb5\/12&Prime; css=\u00a0\u00bb.vc_custom_1594138640697{background-position: 0 0 !important;background-repeat: no-repeat !important;}\u00a0\u00bb offset=\u00a0\u00bbvc_col-lg-5 vc_col-md-6 vc_col-xs-12&Prime;][mk_fancy_title strip_tags=\u00a0\u00bbtrue\u00a0\u00bb color=\u00a0\u00bb#38441c\u00a0\u00bb size=\u00a0\u00bb32&Prime; force_font_size=\u00a0\u00bbtrue\u00a0\u00bb size_phone=\u00a0\u00bb20&Prime; line_height=\u00a0\u00bb112&Prime; font_weight=\u00a0\u00bb400&Prime; txt_transform=\u00a0\u00bblowercase\u00a0\u00bb letter_spacing=\u00a0\u00bb3.2&Prime; font_family=\u00a0\u00bbnone\u00a0\u00bb]CONTACTEZ NOUS[\/mk_fancy_title][vc_column_text disable_pattern=\u00a0\u00bbfalse\u00a0\u00bb css=\u00a0\u00bb.vc_custom_1596362604100{margin-bottom: 0px [&hellip;]","og_url":"https:\/\/www.theleafboutiquehotel.com\/fr\/contactos\/","og_site_name":"The Leaf Boutique Hotel","article_modified_time":"2020-08-02T10:05:56+00:00","og_image":[{"url":"https:\/\/www.theleafboutiquehotel.com\/wp-content\/uploads\/2020\/03\/phone_icon-1.svg"}],"twitter_card":"summary_large_image","twitter_misc":{"Dur\u00e9e de lecture estim\u00e9e":"4 minutes"},"schema":{"@context":"https:\/\/schema.org","@graph":[{"@type":"WebPage","@id":"https:\/\/www.theleafboutiquehotel.com\/fr\/contactos\/","url":"https:\/\/www.theleafboutiquehotel.com\/fr\/contactos\/","name":"Contacts - The Leaf Boutique Hotel","isPartOf":{"@id":"https:\/\/www.theleafboutiquehotel.com\/fr\/#website"},"datePublished":"2020-04-06T15:17:56+00:00","dateModified":"2020-08-02T10:05:56+00:00","inLanguage":"fr-FR","potentialAction":[{"@type":"ReadAction","target":["https:\/\/www.theleafboutiquehotel.com\/fr\/contactos\/"]}]},{"@type":"WebSite","@id":"https:\/\/www.theleafboutiquehotel.com\/fr\/#website","url":"https:\/\/www.theleafboutiquehotel.com\/fr\/","name":"The Leaf Boutique Hotel","description":"","publisher":{"@id":"https:\/\/www.theleafboutiquehotel.com\/fr\/#organization"},"potentialAction":[{"@type":"SearchAction","target":{"@type":"EntryPoint","urlTemplate":"https:\/\/www.theleafboutiquehotel.com\/fr\/?s={search_term_string}"},"query-input":"required name=search_term_string"}],"inLanguage":"fr-FR"},{"@type":"Organization","@id":"https:\/\/www.theleafboutiquehotel.com\/fr\/#organization","name":"The Leaf Boutique Hotel","url":"https:\/\/www.theleafboutiquehotel.com\/fr\/","logo":{"@type":"ImageObject","inLanguage":"fr-FR","@id":"https:\/\/www.theleafboutiquehotel.com\/fr\/#\/schema\/logo\/image\/","url":"https:\/\/www.theleafboutiquehotel.com\/wp-content\/uploads\/2020\/04\/leaf-the-plastic2.png","contentUrl":"https:\/\/www.theleafboutiquehotel.com\/wp-content\/uploads\/2020\/04\/leaf-the-plastic2.png","width":347,"height":537,"caption":"The Leaf Boutique Hotel"},"image":{"@id":"https:\/\/www.theleafboutiquehotel.com\/fr\/#\/schema\/logo\/image\/"}}]}},"_links":{"self":[{"href":"https:\/\/www.theleafboutiquehotel.com\/fr\/wp-json\/wp\/v2\/pages\/2176"}],"collection":[{"href":"https:\/\/www.theleafboutiquehotel.com\/fr\/wp-json\/wp\/v2\/pages"}],"about":[{"href":"https:\/\/www.theleafboutiquehotel.com\/fr\/wp-json\/wp\/v2\/types\/page"}],"author":[{"embeddable":true,"href":"https:\/\/www.theleafboutiquehotel.com\/fr\/wp-json\/wp\/v2\/users\/1"}],"replies":[{"embeddable":true,"href":"https:\/\/www.theleafboutiquehotel.com\/fr\/wp-json\/wp\/v2\/comments?post=2176"}],"version-history":[{"count":3,"href":"https:\/\/www.theleafboutiquehotel.com\/fr\/wp-json\/wp\/v2\/pages\/2176\/revisions"}],"predecessor-version":[{"id":3087,"href":"https:\/\/www.theleafboutiquehotel.com\/fr\/wp-json\/wp\/v2\/pages\/2176\/revisions\/3087"}],"wp:attachment":[{"href":"https:\/\/www.theleafboutiquehotel.com\/fr\/wp-json\/wp\/v2\/media?parent=2176"}],"curies":[{"name":"wp","href":"https:\/\/api.w.org\/{rel}","templated":true}]}}